{"id":3868,"date":"2021-03-06T13:21:42","date_gmt":"2021-03-06T16:21:42","guid":{"rendered":"https:\/\/precota.com.br\/agro\/?page_id=3868"},"modified":"2022-01-21T16:33:47","modified_gmt":"2022-01-21T19:33:47","slug":"pesquisar-produtos-precos-baixa","status":"publish","type":"page","link":"https:\/\/precota.com.br\/agro\/pesquisar-produtos-precos-baixa\/","title":{"rendered":"Lista de produtos com pre\u00e7os em baixa"},"content":{"rendered":"<p>Lista de alguns produtos que podem estar com pre\u00e7os em baixa conforme dados do \u00faltimo trimestre cotado pelas Ceasas.<\/p>\n","protected":false},"excerpt":{"rendered":"<p>Lista de alguns produtos que podem estar com pre\u00e7os em baixa conforme dados do \u00faltimo trimestre cotado pelas Ceasas.<\/p>\n","protected":false},"author":1,"featured_media":0,"parent":0,"menu_order":0,"comment_status":"closed","ping_status":"closed","template":"comprar.php","meta":{"footnotes":""},"class_list":["post-3868","page","type-page","status-publish","hentry"],"_links":{"self":[{"href":"https:\/\/precota.com.br\/agro\/wp-json\/wp\/v2\/pages\/3868","targetHints":{"allow":["GET"]}}],"collection":[{"href":"https:\/\/precota.com.br\/agro\/wp-json\/wp\/v2\/pages"}],"about":[{"href":"https:\/\/precota.com.br\/agro\/wp-json\/wp\/v2\/types\/page"}],"author":[{"embeddable":true,"href":"https:\/\/precota.com.br\/agro\/wp-json\/wp\/v2\/users\/1"}],"replies":[{"embeddable":true,"href":"https:\/\/precota.com.br\/agro\/wp-json\/wp\/v2\/comments?post=3868"}],"version-history":[{"count":0,"href":"https:\/\/precota.com.br\/agro\/wp-json\/wp\/v2\/pages\/3868\/revisions"}],"wp:attachment":[{"href":"https:\/\/precota.com.br\/agro\/wp-json\/wp\/v2\/media?parent=3868"}],"curies":[{"name":"wp","href":"https:\/\/api.w.org\/{rel}","templated":true}]}}