{"id":51,"date":"2020-11-04T20:40:46","date_gmt":"2020-11-04T23:40:46","guid":{"rendered":"https:\/\/precota.com.br\/agro\/?page_id=51"},"modified":"2021-10-15T14:27:34","modified_gmt":"2021-10-15T17:27:34","slug":"contato","status":"publish","type":"page","link":"https:\/\/precota.com.br\/agro\/contato\/","title":{"rendered":"Contato"},"content":{"rendered":"<p>Este site n\u00e3o comercializa produtos. Para cr\u00edticas, d\u00favidas ou sugest\u00f5es, envie uma mensagem por meio da p\u00e1gina de facebook ou pelo e-mail de contato:<\/p>\n<p><a href=\"https:\/\/www.facebook.com\/precota.com.br\">facebook.com@precota.com.br<\/a><\/p>\n<p><img loading=\"lazy\" decoding=\"async\" class=\"alignnone size-full wp-image-52\" src=\"https:\/\/precota.com.br\/agro\/wp-content\/uploads\/2020\/11\/conta-t.jpg\" alt=\"\" width=\"183\" height=\"17\" \/><\/p>\n","protected":false},"excerpt":{"rendered":"<p>Este site n\u00e3o comercializa produtos. Para cr\u00edticas, d\u00favidas ou sugest\u00f5es, envie uma mensagem por meio da p\u00e1gina de facebook ou pelo e-mail de contato: facebook.com@precota.com.br<\/p>\n","protected":false},"author":1,"featured_media":0,"parent":0,"menu_order":0,"comment_status":"closed","ping_status":"closed","template":"","meta":{"footnotes":""},"class_list":["post-51","page","type-page","status-publish","hentry"],"_links":{"self":[{"href":"https:\/\/precota.com.br\/agro\/wp-json\/wp\/v2\/pages\/51","targetHints":{"allow":["GET"]}}],"collection":[{"href":"https:\/\/precota.com.br\/agro\/wp-json\/wp\/v2\/pages"}],"about":[{"href":"https:\/\/precota.com.br\/agro\/wp-json\/wp\/v2\/types\/page"}],"author":[{"embeddable":true,"href":"https:\/\/precota.com.br\/agro\/wp-json\/wp\/v2\/users\/1"}],"replies":[{"embeddable":true,"href":"https:\/\/precota.com.br\/agro\/wp-json\/wp\/v2\/comments?post=51"}],"version-history":[{"count":0,"href":"https:\/\/precota.com.br\/agro\/wp-json\/wp\/v2\/pages\/51\/revisions"}],"wp:attachment":[{"href":"https:\/\/precota.com.br\/agro\/wp-json\/wp\/v2\/media?parent=51"}],"curies":[{"name":"wp","href":"https:\/\/api.w.org\/{rel}","templated":true}]}}