{"id":6077,"date":"2021-03-07T23:13:24","date_gmt":"2021-03-08T02:13:24","guid":{"rendered":"https:\/\/precota.com.br\/agro\/?page_id=6077"},"modified":"2021-03-07T23:43:56","modified_gmt":"2021-03-08T02:43:56","slug":"produtos-com-precos-em-alta","status":"publish","type":"page","link":"https:\/\/precota.com.br\/agro\/produtos-com-precos-em-alta\/","title":{"rendered":"Lista de produtos com pre\u00e7os em alta"},"content":{"rendered":"<p>Lista de alguns produtos que podem estar com pre\u00e7os em alta conforme dados do \u00faltimo trimestre cotado pelas Ceasas.<\/p>\n","protected":false},"excerpt":{"rendered":"<p>Lista de alguns produtos que podem estar com pre\u00e7os em alta conforme dados do \u00faltimo trimestre cotado pelas Ceasas.<\/p>\n","protected":false},"author":1,"featured_media":0,"parent":0,"menu_order":0,"comment_status":"closed","ping_status":"closed","template":"vender.php","meta":{"footnotes":""},"class_list":["post-6077","page","type-page","status-publish","hentry"],"_links":{"self":[{"href":"https:\/\/precota.com.br\/agro\/wp-json\/wp\/v2\/pages\/6077","targetHints":{"allow":["GET"]}}],"collection":[{"href":"https:\/\/precota.com.br\/agro\/wp-json\/wp\/v2\/pages"}],"about":[{"href":"https:\/\/precota.com.br\/agro\/wp-json\/wp\/v2\/types\/page"}],"author":[{"embeddable":true,"href":"https:\/\/precota.com.br\/agro\/wp-json\/wp\/v2\/users\/1"}],"replies":[{"embeddable":true,"href":"https:\/\/precota.com.br\/agro\/wp-json\/wp\/v2\/comments?post=6077"}],"version-history":[{"count":0,"href":"https:\/\/precota.com.br\/agro\/wp-json\/wp\/v2\/pages\/6077\/revisions"}],"wp:attachment":[{"href":"https:\/\/precota.com.br\/agro\/wp-json\/wp\/v2\/media?parent=6077"}],"curies":[{"name":"wp","href":"https:\/\/api.w.org\/{rel}","templated":true}]}}